{"id":32,"date":"2024-01-06T13:44:10","date_gmt":"2024-01-06T13:44:10","guid":{"rendered":"http:\/\/localhost:8888\/laribot\/?page_id=32"},"modified":"2025-10-13T12:53:35","modified_gmt":"2025-10-13T12:53:35","slug":"la-ribot-ensemble","status":"publish","type":"page","link":"https:\/\/laribot.com\/es\/la-ribot-ensemble\/","title":{"rendered":"","raw":""},"content":{"rendered":"<p>Tras vivir en Madrid y luego en Londres, La Ribot se traslad\u00f3 a Suiza en 2004, donde fund\u00f3 su compa\u00f1\u00eda. Est\u00e1 formada por entre seis y diez miembros, incluyendo numerosos artistas de todo el mundo invitados seg\u00fan el proyecto, y un equipo t\u00e9cnico y administrativo. En octubre de 2021, tras la pandemia, naci\u00f3 La Ribot Ensemble. Este nuevo modelo de compa\u00f1\u00eda se basa en el deseo de invertir en las personas y las relaciones, y en apoyar a la joven generaci\u00f3n de artistas suizos. Cuatro j\u00f3venes int\u00e9rpretes de la Suiza franc\u00f3fona, Piera Bellato, Mathilde Invernon, Lisa Laurent y Ludovico Paladini, fueron contratados por La Ribot para acompa\u00f1arla en sus creaciones y asumir roles de sus piezas anteriores. La oficina de producci\u00f3n, formada por Aude Martino e Iris Obadia, se ha reforzado y, por consiguiente, el n\u00facleo de la compa\u00f1\u00eda se ha consolidado en Ginebra. En torno a este n\u00facleo gravitan otros muchos artistas y colaboradores recurrentes, entre los que se encuentran los int\u00e9rpretes Juan Loriente, Thami Manekehla, Olivia Csiky Trnka, Delphine Rosay, Fernando de Miguel, la compa\u00f1\u00eda de danza inclusiva Dan\u00e7ando com a Diferen\u00e7a, la galer\u00eda Max Estrella de Madrid, Sandra Recio, responsable de artes visuales de La Ribot Ensemble, Asier Puga y la orquesta de c\u00e1mara del Auditorio de Zaragoza Grupo Enigma, y \u200b\u200bmuchos otros&#8230;<\/p>\n","protected":false,"raw":"<p>Tras vivir en Madrid y luego en Londres, La Ribot se traslad\u00f3 a Suiza en 2004, donde fund\u00f3 su compa\u00f1\u00eda. Est\u00e1 formada por entre seis y diez miembros, incluyendo numerosos artistas de todo el mundo invitados seg\u00fan el proyecto, y un equipo t\u00e9cnico y administrativo. En octubre de 2021, tras la pandemia, naci\u00f3 La Ribot Ensemble. Este nuevo modelo de compa\u00f1\u00eda se basa en el deseo de invertir en las personas y las relaciones, y en apoyar a la joven generaci\u00f3n de artistas suizos. Cuatro j\u00f3venes int\u00e9rpretes de la Suiza franc\u00f3fona, Piera Bellato, Mathilde Invernon, Lisa Laurent y Ludovico Paladini, fueron contratados por La Ribot para acompa\u00f1arla en sus creaciones y asumir roles de sus piezas anteriores. La oficina de producci\u00f3n, formada por Aude Martino e Iris Obadia, se ha reforzado y, por consiguiente, el n\u00facleo de la compa\u00f1\u00eda se ha consolidado en Ginebra. En torno a este n\u00facleo gravitan otros muchos artistas y colaboradores recurrentes, entre los que se encuentran los int\u00e9rpretes Juan Loriente, Thami Manekehla, Olivia Csiky Trnka, Delphine Rosay, Fernando de Miguel, la compa\u00f1\u00eda de danza inclusiva Dan\u00e7ando com a Diferen\u00e7a, la galer\u00eda Max Estrella de Madrid, Sandra Recio, responsable de artes visuales de La Ribot Ensemble, Asier Puga y la orquesta de c\u00e1mara del Auditorio de Zaragoza Grupo Enigma, y \u200b\u200bmuchos otros...<\/p>"},"excerpt":{"rendered":"<p>La Ribot<br \/>\nEnsemble<\/p>\n","protected":false,"raw":"La Ribot\r\nEnsemble"},"author":2,"featured_media":0,"parent":0,"menu_order":0,"comment_status":"closed","ping_status":"closed","template":"template-ensemble.php","meta":{"inline_featured_image":false,"_fr_post_content":"<div class=\"page\" title=\"Page 8\">\r\n<div class=\"section\">\r\n<div class=\"layoutArea\">\r\n<div class=\"column\"><br \/>\r\n<p>&nbsp;<\/p>\r\n<p>Apre\u0300s avoir ve\u0301cu a\u0300 Madrid puis a\u0300 Londres, La Ribot s\u2019installe en Suisse en 2004, ou\u0300 elle fonde sa compagnie. Elle est forme\u0301e de six a\u0300 dix membres, dont de nombreux\u00b7euses artistes du monde entier invite\u0301\u00b7es selon les projets, et une e\u0301quipe technique et administrative. En octobre 2021, au lendemain de la pand\u00e9mie, La Ribot Ensemble voit le jour. Ce nouveau mod\u00e8le de compagnie repose sur la volonte\u0301 d\u2019investir dans les personnes et les relations et de soutenir la jeune ge\u0301ne\u0301ration d\u2019artistes suisses. Quatre jeunes interpre\u0300tes issu\u00b7es de formations de Suisse romande, Piera Bellato, Mathilde Invernon, Lisa Laurent et Ludovico Paladini, ont e\u0301te\u0301 engage\u0301\u00b7es par La Ribot pour l\u2019accompagner dans ses cre\u0301ations et reprendre les ro\u0302les de ses pie\u0300ces ante\u0301rieures. Le bureau de production, forme\u0301 par Aude Martino et Iris Obadia, s\u2019est renforce\u0301, et ainsi, le noyau de la compagnie s\u2019est resserre\u0301 a\u0300 Gene\u0300ve. Autour de ce noyau gravitent de nombreux autres artistes et collaborateur\u00b7ices re\u0301current\u00b7es, dont les interpre\u0300tes Juan Loriente, Thami Manekehla, Olivia Csiky Trnka, Delphine Rosay, Fernando de Miguel, la compagnie de danse inclusive Danc\u0327ando com a Diferenc\u0327a, la galerie Max Estrella a\u0300 Madrid, Sandra Recio, responsable des arts visuels pour La Ribot Ensemble, Asier Puga et l\u2019orchestre de chambre de l\u2019Auditorium de Saragosse Grupo Enigma, et bien d\u2019autres...<\/p>\r\n<\/div>\r\n<\/div>\r\n<\/div>\r\n<\/div>","_fr_post_name":"la-ribot-ensemble","_fr_post_excerpt":"La Ribot\r\nEnsemble","_fr_post_title":"La Ribot Ensemble","_en_post_content":"<p>After living in Madrid and then London, La Ribot moved to Switzerland in 2004, where she founded her company. It consists of six to ten members, including many artists from around the world invited depending on the project, and a technical and administrative team. In October 2021, in the aftermath of the pandemic, La Ribot Ensemble was born. This new company model is based on the desire to invest in people and relationships and to support the young generation of Swiss artists. Four young performers from French-speaking Switzerland, Piera Bellato, Mathilde Invernon, Lisa Laurent, and Ludovico Paladini, were hired by La Ribot to accompany her in her creations and take over roles from her previous pieces. The production office, formed by Aude Martino and Iris Obadia, has been strengthened, and thus, the core of the company has been strengthened in Geneva. Around this core gravitate many other artists and recurring collaborators, including the performers Juan Loriente, Thami Manekehla, Olivia Csiky Trnka, Delphine Rosay, Fernando de Miguel, the inclusive dance company Dan\u00e7ando com a Diferen\u00e7a, the Max Estrella gallery in Madrid, Sandra Recio, head of visual arts for La Ribot Ensemble, Asier Puga and the chamber orchestra of the Auditorium of Zaragoza Grupo Enigma, and many others...<\/p>","_en_post_name":"la-ribot-ensemble","_en_post_excerpt":"La Ribot\r\nEnsemble","_en_post_title":"","_es_post_content":"<p>Tras vivir en Madrid y luego en Londres, La Ribot se traslad\u00f3 a Suiza en 2004, donde fund\u00f3 su compa\u00f1\u00eda. Est\u00e1 formada por entre seis y diez miembros, incluyendo numerosos artistas de todo el mundo invitados seg\u00fan el proyecto, y un equipo t\u00e9cnico y administrativo. En octubre de 2021, tras la pandemia, naci\u00f3 La Ribot Ensemble. Este nuevo modelo de compa\u00f1\u00eda se basa en el deseo de invertir en las personas y las relaciones, y en apoyar a la joven generaci\u00f3n de artistas suizos. Cuatro j\u00f3venes int\u00e9rpretes de la Suiza franc\u00f3fona, Piera Bellato, Mathilde Invernon, Lisa Laurent y Ludovico Paladini, fueron contratados por La Ribot para acompa\u00f1arla en sus creaciones y asumir roles de sus piezas anteriores. La oficina de producci\u00f3n, formada por Aude Martino e Iris Obadia, se ha reforzado y, por consiguiente, el n\u00facleo de la compa\u00f1\u00eda se ha consolidado en Ginebra. En torno a este n\u00facleo gravitan otros muchos artistas y colaboradores recurrentes, entre los que se encuentran los int\u00e9rpretes Juan Loriente, Thami Manekehla, Olivia Csiky Trnka, Delphine Rosay, Fernando de Miguel, la compa\u00f1\u00eda de danza inclusiva Dan\u00e7ando com a Diferen\u00e7a, la galer\u00eda Max Estrella de Madrid, Sandra Recio, responsable de artes visuales de La Ribot Ensemble, Asier Puga y la orquesta de c\u00e1mara del Auditorio de Zaragoza Grupo Enigma, y \u200b\u200bmuchos otros...<\/p>","_es_post_name":"la-ribot-ensemble","_es_post_excerpt":"La Ribot\r\nEnsemble","_es_post_title":"","edit_language":"es"},"class_list":["post-32","page","type-page","status-publish","hentry"],"_links":{"self":[{"href":"https:\/\/laribot.com\/es\/wp-json\/wp\/v2\/pages\/32","targetHints":{"allow":["GET"]}}],"collection":[{"href":"https:\/\/laribot.com\/es\/wp-json\/wp\/v2\/pages"}],"about":[{"href":"https:\/\/laribot.com\/es\/wp-json\/wp\/v2\/types\/page"}],"author":[{"embeddable":true,"href":"https:\/\/laribot.com\/es\/wp-json\/wp\/v2\/users\/2"}],"replies":[{"embeddable":true,"href":"https:\/\/laribot.com\/es\/wp-json\/wp\/v2\/comments?post=32"}],"version-history":[{"count":13,"href":"https:\/\/laribot.com\/es\/wp-json\/wp\/v2\/pages\/32\/revisions"}],"predecessor-version":[{"id":1707,"href":"https:\/\/laribot.com\/es\/wp-json\/wp\/v2\/pages\/32\/revisions\/1707"}],"wp:attachment":[{"href":"https:\/\/laribot.com\/es\/wp-json\/wp\/v2\/media?parent=32"}],"curies":[{"name":"wp","href":"https:\/\/api.w.org\/{rel}","templated":true}]}}