{"id":80,"date":"2024-01-09T08:39:18","date_gmt":"2024-01-09T08:39:18","guid":{"rendered":"http:\/\/localhost:8888\/laribot\/?page_id=80"},"modified":"2025-04-02T16:16:12","modified_gmt":"2025-04-02T16:16:12","slug":"distinguished-pieces","status":"publish","type":"page","link":"https:\/\/laribot.com\/en\/distinguished-pieces\/","title":{"rendered":"","raw":""},"content":{"rendered":"<p><a href=\"https:\/\/laribot.com\/wp-content\/uploads\/2025\/04\/06_La-Ribot_MAP_EN.svg\"><img decoding=\"async\" class=\"alignnone size-full wp-image-1698\" src=\"https:\/\/laribot.com\/wp-content\/uploads\/2025\/04\/06_La-Ribot_MAP_EN.svg\" alt=\"\" \/><\/a><\/p>\n","protected":false,"raw":"<p><a href=\"https:\/\/laribot.com\/wp-content\/uploads\/2025\/04\/06_La-Ribot_MAP_EN.svg\"><img class=\"alignnone size-full wp-image-1698\" src=\"https:\/\/laribot.com\/wp-content\/uploads\/2025\/04\/06_La-Ribot_MAP_EN.svg\" alt=\"\" \/><\/a><\/p>"},"excerpt":{"rendered":"","protected":false,"raw":""},"author":2,"featured_media":0,"parent":0,"menu_order":0,"comment_status":"closed","ping_status":"closed","template":"template-dp.php","meta":{"inline_featured_image":false,"_fr_post_content":"<p><a href=\"https:\/\/laribot.com\/wp-content\/uploads\/2025\/04\/06_La-Ribot_MAP_EN.svg\"><img class=\"alignnone size-full wp-image-1698\" src=\"https:\/\/laribot.com\/wp-content\/uploads\/2025\/04\/06_La-Ribot_MAP_EN.svg\" alt=\"\" \/><\/a>Pi\u00e8ces distingu\u00e9es est le nom g\u00e9n\u00e9rique que La Ribot donne en 1993 \u00e0 de courtes pi\u00e8ces chor\u00e9graphiques qu\u2019elle a depuis num\u00e9rot\u00e9es, accumul\u00e9es et regroup\u00e9es par s\u00e9ries tout en les pr\u00e9sentant dans des th\u00e9\u00e2tres et mus\u00e9es sous la forme de spectacles ou performances. Une s\u00e9rie est une succession de Pi\u00e8ces distingu\u00e9es pr\u00e9sent\u00e9es en direct et r\u00e9pondant \u00e0 un int\u00e9r\u00eat concret. Avec ce travail, La Ribot se projette dans le temps en fragmentant son discours esth\u00e9tique, politique et artistique en 100 Pi\u00e8ces distingu\u00e9es qu\u2019elle pr\u00e9voit de r\u00e9aliser tout au long de sa vie. Actuellement (en novembre 2022), il existe 58 Pi\u00e8ces distingu\u00e9es regroup\u00e9es en 7 s\u00e9ries ou spectacles, soit environ neuf heures si elles \u00e9taient mises bout \u00e0 bout. Des Pi\u00e8ces distingu\u00e9es pr\u00e9caires et en solitaire des dix premi\u00e8res ann\u00e9es, aux pi\u00e8ces plus r\u00e9centes qui int\u00e8grent d\u2019autres interpr\u00e8tes et \u00e9l\u00e9ments, La Ribot a \u00e9tir\u00e9 le concept m\u00eame de Pi\u00e8ce distingu\u00e9e depuis 1993, en y associant la vid\u00e9o et l\u2019installation, mais en gardant toujours intacte, \u00e0 quelques exceptions pr\u00e8s, l\u2019essence du projet : la pi\u00e8ce courte et la repr\u00e9sentation en direct.<\/p>","_fr_post_name":"distinguished-pieces","_fr_post_excerpt":"","_fr_post_title":"distinguished pieces","_en_post_content":"<p><a href=\"https:\/\/laribot.com\/wp-content\/uploads\/2025\/04\/06_La-Ribot_MAP_EN.svg\"><img class=\"alignnone size-full wp-image-1698\" src=\"https:\/\/laribot.com\/wp-content\/uploads\/2025\/04\/06_La-Ribot_MAP_EN.svg\" alt=\"\" \/><\/a><\/p>","_en_post_name":"distinguished-pieces","_en_post_excerpt":"","_en_post_title":"","_es_post_content":"<p><a href=\"https:\/\/laribot.com\/wp-content\/uploads\/2025\/04\/06_La-Ribot_MAP_ES.svg\"><img class=\" wp-image-1699 aligncenter\" src=\"https:\/\/laribot.com\/wp-content\/uploads\/2025\/04\/06_La-Ribot_MAP_ES.svg\" alt=\"\" width=\"907\" height=\"907\" \/><\/a><\/p>","_es_post_name":"distinguished-pieces","_es_post_excerpt":"","_es_post_title":"","edit_language":"en"},"class_list":["post-80","page","type-page","status-publish","hentry"],"_links":{"self":[{"href":"https:\/\/laribot.com\/en\/wp-json\/wp\/v2\/pages\/80","targetHints":{"allow":["GET"]}}],"collection":[{"href":"https:\/\/laribot.com\/en\/wp-json\/wp\/v2\/pages"}],"about":[{"href":"https:\/\/laribot.com\/en\/wp-json\/wp\/v2\/types\/page"}],"author":[{"embeddable":true,"href":"https:\/\/laribot.com\/en\/wp-json\/wp\/v2\/users\/2"}],"replies":[{"embeddable":true,"href":"https:\/\/laribot.com\/en\/wp-json\/wp\/v2\/comments?post=80"}],"version-history":[{"count":21,"href":"https:\/\/laribot.com\/en\/wp-json\/wp\/v2\/pages\/80\/revisions"}],"predecessor-version":[{"id":1702,"href":"https:\/\/laribot.com\/en\/wp-json\/wp\/v2\/pages\/80\/revisions\/1702"}],"wp:attachment":[{"href":"https:\/\/laribot.com\/en\/wp-json\/wp\/v2\/media?parent=80"}],"curies":[{"name":"wp","href":"https:\/\/api.w.org\/{rel}","templated":true}]}}