{"id":38,"date":"2024-01-06T13:45:03","date_gmt":"2024-01-06T13:45:03","guid":{"rendered":"http:\/\/localhost:8888\/laribot\/?page_id=38"},"modified":"2026-05-11T13:48:50","modified_gmt":"2026-05-11T13:48:50","slug":"contact","status":"publish","type":"page","link":"https:\/\/laribot.com\/en\/contact\/","title":{"rendered":"","raw":""},"content":{"rendered":"<table style=\"border-collapse: collapse; width: 100%;\">\n<tbody>\n<tr>\n<td style=\"width: 33.3333%;\">\n<p>Artistic Director <br \/>La Ribot<\/p>\n<p>Production &amp; Technical director<br \/>Borja Lopez <a href=\"mailto:borja@laribot.com\">borja@laribot.com<\/a><\/p>\n<p>Communication, distribution &amp; Project development<br \/>Sandra Recio <a href=\"mailto:visual.arts@laribot.com\">visual.arts@laribot.com<\/a><\/p>\n<p>Administrator<br \/>Gonzague Bochud <a href=\"mailto:gonzague@laribot.com\">gonzague@laribot.com<\/a><\/p>\n<p>Difusi\u00f3n <em>Juana Ficci\u00f3n<\/em><br \/>Gachi Pisani gachipisani@gachipisaniprods.com<\/p>\n<\/td>\n<td style=\"width: 33.3333%;\">\n<p>La Ribot Ensemble 44, <br \/>rue de la Coulouvreni\u00e8re <br \/>1204 Gen\u00e8ve, Suisse <br \/>T +41 (0) 22 331 00 52<\/p>\n<p>La Ribot Ensemble is supported by the City of Geneva and the Canton of Geneva, and with the support of Pro Helvetia, Swiss Arts Council.<\/p>\n<p>La Ribot is represented by <br \/>Galer\u00eda Max Estrella, Madrid, Spain<br \/><a href=\"https:\/\/www.maxestrella.com\" target=\"_blank\" rel=\"noopener\">www.maxestrella.com<\/a><\/p>\n<\/td>\n<\/tr>\n<\/tbody>\n<\/table>\n","protected":false,"raw":"<table style=\"border-collapse: collapse; width: 100%;\">\r\n<tbody>\r\n<tr>\r\n<td style=\"width: 33.3333%;\">\r\n<p>Artistic Director <br \/>La Ribot<\/p>\r\n<p>Production &amp; Technical director<br \/>Borja Lopez <a href=\"mailto:borja@laribot.com\">borja@laribot.com<\/a><\/p>\r\n<p>Communication, distribution &amp; Project development<br \/>Sandra Recio <a href=\"mailto:visual.arts@laribot.com\">visual.arts@laribot.com<\/a><\/p>\r\n<p>Administrator<br \/>Gonzague Bochud <a href=\"mailto:gonzague@laribot.com\">gonzague@laribot.com<\/a><\/p>\r\n<p>Difusi\u00f3n <em>Juana Ficci\u00f3n<\/em><br \/>Gachi Pisani gachipisani@gachipisaniprods.com<\/p>\r\n<\/td>\r\n<td style=\"width: 33.3333%;\">\r\n<p>La Ribot Ensemble 44, <br \/>rue de la Coulouvreni\u00e8re <br \/>1204 Gen\u00e8ve, Suisse <br \/>T +41 (0) 22 331 00 52<\/p>\r\n<p>La Ribot Ensemble is supported by the City of Geneva and the Canton of Geneva, and with the support of Pro Helvetia, Swiss Arts Council.<\/p>\r\n<p>La Ribot is represented by <br \/>Galer\u00eda Max Estrella, Madrid, Spain<br \/><a href=\"https:\/\/www.maxestrella.com\" target=\"_blank\" rel=\"noopener\">www.maxestrella.com<\/a><\/p>\r\n<\/td>\r\n<\/tr>\r\n<\/tbody>\r\n<\/table>"},"excerpt":{"rendered":"","protected":false,"raw":""},"author":2,"featured_media":0,"parent":0,"menu_order":0,"comment_status":"closed","ping_status":"closed","template":"template-contact.php","meta":{"inline_featured_image":false,"_fr_post_content":"<table style=\"border-collapse: collapse; width: 100%;\">\r\n<tbody>\r\n<tr>\r\n<td style=\"width: 33.3333%;\">\r\n<p>Directrice artistique<br \/>La Ribot<\/p>\r\n<p>Directeur production &amp; technique<br \/>Borja Lopez <a href=\"mailto:borja@laribot.com\">borja@laribot.com<\/a><\/p>\r\n<p>Communication, diffusion &amp; Project development<br \/>Sandra Recio <a href=\"mailto:visual.arts@laribot.com\">visual.arts@laribot.com<\/a><\/p>\r\n<p>Administrateur<br \/>Gonzague Bochud <a href=\"mailto:gonzague@laribot.com\">gonzague@laribot.com<\/a><\/p>\r\n<p>Difusi\u00f3n <em>Juana Ficci\u00f3n<\/em><br \/>Gachi Pisani gachipisani@gachipisaniprods.com<\/p>\r\n<\/td>\r\n<td style=\"width: 33.3333%;\">\r\n<p>La Ribot Ensemble 44, <br \/>rue de la Coulouvreni\u00e8re <br \/>1204 Gen\u00e8ve, Suisse<\/p>\r\n<p>La Ribot Ensemble est subventionn\u00e9 par la Ville de Gen\u00e8ve et le canton de Gen\u00e8ve, et avec le soutien de Pro Helvetia, Fondation suisse pour la culture.<\/p>\r\n<p>La Ribot est represent\u00e9e par la\u00a0<br \/>Galerie Max Estrella, Madrid, Espagne\u00a0<br \/><a href=\"https:\/\/www.maxestrella.com\" target=\"_blank\" rel=\"noopener\">www.maxestrella.com<\/a><\/p>\r\n<\/td>\r\n<\/tr>\r\n<\/tbody>\r\n<\/table>","_fr_post_name":"contact","_fr_post_excerpt":"","_fr_post_title":"contact","_en_post_content":"<table style=\"border-collapse: collapse; width: 100%;\">\r\n<tbody>\r\n<tr>\r\n<td style=\"width: 33.3333%;\">\r\n<p>Artistic Director <br \/>La Ribot<\/p>\r\n<p>Production &amp; Technical director<br \/>Borja Lopez <a href=\"mailto:borja@laribot.com\">borja@laribot.com<\/a><\/p>\r\n<p>Communication, distribution &amp; Project development<br \/>Sandra Recio <a href=\"mailto:visual.arts@laribot.com\">visual.arts@laribot.com<\/a><\/p>\r\n<p>Administrator<br \/>Gonzague Bochud <a href=\"mailto:gonzague@laribot.com\">gonzague@laribot.com<\/a><\/p>\r\n<p>Difusi\u00f3n <em>Juana Ficci\u00f3n<\/em><br \/>Gachi Pisani gachipisani@gachipisaniprods.com<\/p>\r\n<\/td>\r\n<td style=\"width: 33.3333%;\">\r\n<p>La Ribot Ensemble 44, <br \/>rue de la Coulouvreni\u00e8re <br \/>1204 Gen\u00e8ve, Suisse <br \/>T +41 (0) 22 331 00 52<\/p>\r\n<p>La Ribot Ensemble is supported by the City of Geneva and the Canton of Geneva, and with the support of Pro Helvetia, Swiss Arts Council.<\/p>\r\n<p>La Ribot is represented by <br \/>Galer\u00eda Max Estrella, Madrid, Spain<br \/><a href=\"https:\/\/www.maxestrella.com\" target=\"_blank\" rel=\"noopener\">www.maxestrella.com<\/a><\/p>\r\n<\/td>\r\n<\/tr>\r\n<\/tbody>\r\n<\/table>","_en_post_name":"contact","_en_post_excerpt":"","_en_post_title":"","_es_post_content":"<table style=\"border-collapse: collapse; width: 100%;\">\r\n<tbody>\r\n<tr>\r\n<td style=\"width: 33.3333%;\">\r\n<p>Directora artistica\u00a0<br \/>La Ribot<\/p>\r\n<p>Director de producci\u00f3n &amp; t\u00e9cnica<br \/>Borja Lopez <a href=\"mailto:borja@laribot.com\">borja@laribot.com<\/a><\/p>\r\n<p>Comunicaci\u00f3n, difusi\u00f3n &amp; Project development<br \/>Sandra Recio <a href=\"mailto:visual.arts@laribot.com\">visual.arts@laribot.com<\/a><\/p>\r\n<p>Administrador<br \/>Gonzague Bochud <a href=\"mailto:gonzague@laribot.com\">gonzague@laribot.com<\/a><\/p>\r\n<p>Difusi\u00f3n <em>Juana Ficci\u00f3n<\/em><br \/>Gachi Pisani gachipisani@gachipisaniprods.com<\/p>\r\n<\/td>\r\n<td style=\"width: 33.3333%;\">\r\n<p>La Ribot Ensemble 44, <br \/>rue de la Coulouvreni\u00e8re <br \/>1204 Gen\u00e8ve, Suisse <br \/>T +41 (0) 22 331 00 52<\/p>\r\n<p>La compa\u00f1\u00eda La Ribot Ensemble est\u00e1 subvencionada por la ciudad y el Canton de Ginebra(CH) y el apoyo de Pro Helvetia, Fundaci\u00f3n Suiza para la cultura.<\/p>\r\n<p>La Ribot est\u00e1 representada por la\u00a0<br \/>Galer\u00eda Max Estrella, Madrid\u00a0<br \/><a href=\"https:\/\/www.maxestrella.com\" target=\"_blank\" rel=\"noopener\">www.maxestrella.com<\/a><\/p>\r\n<\/td>\r\n<\/tr>\r\n<\/tbody>\r\n<\/table>","_es_post_name":"contact","_es_post_excerpt":"","_es_post_title":"","edit_language":"en"},"class_list":["post-38","page","type-page","status-publish","hentry"],"_links":{"self":[{"href":"https:\/\/laribot.com\/en\/wp-json\/wp\/v2\/pages\/38","targetHints":{"allow":["GET"]}}],"collection":[{"href":"https:\/\/laribot.com\/en\/wp-json\/wp\/v2\/pages"}],"about":[{"href":"https:\/\/laribot.com\/en\/wp-json\/wp\/v2\/types\/page"}],"author":[{"embeddable":true,"href":"https:\/\/laribot.com\/en\/wp-json\/wp\/v2\/users\/2"}],"replies":[{"embeddable":true,"href":"https:\/\/laribot.com\/en\/wp-json\/wp\/v2\/comments?post=38"}],"version-history":[{"count":40,"href":"https:\/\/laribot.com\/en\/wp-json\/wp\/v2\/pages\/38\/revisions"}],"predecessor-version":[{"id":1771,"href":"https:\/\/laribot.com\/en\/wp-json\/wp\/v2\/pages\/38\/revisions\/1771"}],"wp:attachment":[{"href":"https:\/\/laribot.com\/en\/wp-json\/wp\/v2\/media?parent=38"}],"curies":[{"name":"wp","href":"https:\/\/api.w.org\/{rel}","templated":true}]}}